{"id":127,"date":"2020-08-29T15:54:45","date_gmt":"2020-08-29T15:54:45","guid":{"rendered":"http:\/\/jyd.georamium.com\/?page_id=127"},"modified":"2021-02-21T17:53:14","modified_gmt":"2021-02-21T17:53:14","slug":"alimentacion-sostenible","status":"publish","type":"page","link":"https:\/\/consumoresponsable.misionessalesianas.org\/index.php\/alimentacion-sostenible\/","title":{"rendered":"Alimentacion Saludable y Sostenible"},"content":{"rendered":"\n[et_pb_section fb_built=\u00bb1&#8243; _builder_version=\u00bb4.6.0&#8243; _module_preset=\u00bbdefault\u00bb use_background_color_gradient=\u00bbon\u00bb background_color_gradient_start=\u00bbrgba(250,181,33,0.97)\u00bb background_color_gradient_end=\u00bbrgba(249,191,32,0.72)\u00bb custom_padding=\u00bb6px||6px||true|false\u00bb][et_pb_row _builder_version=\u00bb4.7.0&#8243; _module_preset=\u00bbdefault\u00bb custom_margin=\u00bb|auto|-3px|auto||\u00bb custom_padding=\u00bb11px||11px|||\u00bb animation_style=\u00bbfade\u00bb][et_pb_column type=\u00bb4_4&#8243; _builder_version=\u00bb4.5.5&#8243; _module_preset=\u00bbdefault\u00bb][et_pb_text _builder_version=\u00bb4.6.0&#8243; _module_preset=\u00bbdefault\u00bb header_font=\u00bbMontserrat||||||||\u00bb header_font_size=\u00bb51px\u00bb]<h1 style=\"text-align: center;\"><a href=\"https:\/\/consumoresponsable.misionessalesianas.org\/index.php\/el-huerto-de-la-vida\/\"><span color=\"#ffffff\" style=\"color: #ffffff;\"><b>Alimentaci\u00f3n Saludable y Sostenible<\/b><\/span><\/a><\/h1>\n<p><span color=\"#ffffff\" style=\"color: #ffffff;\"><b><\/b><\/span><\/p>[\/et_pb_text][\/et_pb_column][\/et_pb_row][\/et_pb_section][et_pb_section fb_built=\u00bb1&#8243; _builder_version=\u00bb4.6.0&#8243; _module_preset=\u00bbdefault\u00bb custom_padding=\u00bb24px||150px|||\u00bb][et_pb_row column_structure=\u00bb1_2,1_2&#8243; _builder_version=\u00bb4.7.0&#8243; _module_preset=\u00bbdefault\u00bb custom_margin=\u00bb-3px|auto|-5px|auto||\u00bb custom_padding=\u00bb37px||18px|||\u00bb animation_style=\u00bbfade\u00bb][et_pb_column type=\u00bb1_2&#8243; _builder_version=\u00bb4.6.0&#8243; _module_preset=\u00bbdefault\u00bb][et_pb_text _builder_version=\u00bb4.6.0&#8243; _module_preset=\u00bbdefault\u00bb]<h1>\u00bfEn qu\u00e9 consiste?<\/h1>[\/et_pb_text][et_pb_text _builder_version=\u00bb4.6.0&#8243; _module_preset=\u00bbdefault\u00bb text_font_size=\u00bb18px\u00bb]<p style=\"text-align: justify;\">En este eje contaremos con el huerto escolar y con nuestra alimentaci\u00f3n diaria para investigar y aprender sobre el sistema\u00a0agro-alimentario\u00a0(producci\u00f3n y alimentaci\u00f3n) que impacta sobre el derecho a la alimentaci\u00f3n, a la salud y al medio ambiente.<\/p>[\/et_pb_text][\/et_pb_column][et_pb_column type=\u00bb1_2&#8243; _builder_version=\u00bb4.6.0&#8243; _module_preset=\u00bbdefault\u00bb][et_pb_image src=\u00bbhttps:\/\/consumoresponsable.misionessalesianas.org\/wp-content\/uploads\/2020\/09\/aulas-en-accion-4-1.png\u00bb title_text=\u00bbaulas en accion (4)\u00bb align=\u00bbcenter\u00bb _builder_version=\u00bb4.6.0&#8243; _module_preset=\u00bbdefault\u00bb width=\u00bb63%\u00bb][\/et_pb_image][\/et_pb_column][\/et_pb_row][et_pb_row column_structure=\u00bb1_3,1_3,1_3&#8243; _builder_version=\u00bb4.6.0&#8243; _module_preset=\u00bbdefault\u00bb custom_margin=\u00bb1px|auto||auto||\u00bb custom_padding=\u00bb5px|||||\u00bb][et_pb_column type=\u00bb1_3&#8243; _builder_version=\u00bb4.6.0&#8243; _module_preset=\u00bbdefault\u00bb][et_pb_text _builder_version=\u00bb4.7.0&#8243; _module_preset=\u00bbdefault\u00bb text_font=\u00bbAlegreya Sans SC||||||||\u00bb header_font_size=\u00bb31px\u00bb background_enable_color=\u00bboff\u00bb use_background_color_gradient=\u00bbon\u00bb background_color_gradient_start=\u00bbrgba(193,7,85,0.79)\u00bb background_color_gradient_end=\u00bbrgba(209,16,64,0.64)\u00bb module_alignment=\u00bbcenter\u00bb min_height=\u00bb250px\u00bb link_option_url=\u00bbhttps:\/\/consumoresponsable.misionessalesianas.org\/wp-content\/uploads\/2021\/01\/Eje-3-Infantil.pdf\u00bb border_radii=\u00bbon|30px|30px|30px|30px\u00bb background__hover_enabled=\u00bbon|hover\u00bb background_color_gradient_start__hover=\u00bbrgba(193,7,85,0.79)\u00bb use_background_color_gradient__hover=\u00bbon\u00bb background_color__hover=\u00bb#a8004e\u00bb background_enable_color__hover=\u00bbon\u00bb background_color_gradient_end__hover=\u00bbrgba(209,16,64,0.64)\u00bb]<h1 style=\"text-align: center;\"><strong><\/strong><\/h1>\n<h1 style=\"text-align: center;\"><span style=\"color: #ffffff;\"><strong><\/strong><\/span><\/h1>\n<h1 style=\"text-align: center;\"><span style=\"color: #ffffff;\"><strong><\/strong><\/span><\/h1>\n<h1 style=\"text-align: center;\"><span style=\"color: #ffffff;\"><strong><\/strong><\/span><\/h1>\n<h1 style=\"text-align: center;\"><span style=\"color: #ffffff;\"><strong><\/strong><\/span><\/h1>\n<h1 style=\"text-align: center;\"><span style=\"color: #ffffff;\"><strong><\/strong><\/span><\/h1>\n<h1 style=\"text-align: center;\"><span style=\"color: #ffffff;\"><strong><\/strong><\/span><\/h1>\n<h1 style=\"text-align: center;\"><span style=\"color: #ffffff;\"><strong><\/strong><\/span><\/h1>\n<h1 style=\"text-align: center;\"><span style=\"color: #ffffff;\"><strong><\/strong><\/span><\/h1>\n<h1 style=\"text-align: center;\"><span style=\"color: #ffffff;\"><strong><\/strong><\/span><\/h1>\n<h1 style=\"text-align: center;\"><span style=\"color: #ffffff;\"><strong><\/strong><\/span><\/h1>\n<h1 style=\"text-align: center;\"><span style=\"color: #ffffff;\"><strong>INFANTIL<\/strong><\/span><\/h1>[\/et_pb_text][\/et_pb_column][et_pb_column type=\u00bb1_3&#8243; _builder_version=\u00bb4.6.0&#8243; _module_preset=\u00bbdefault\u00bb][et_pb_text _builder_version=\u00bb4.7.0&#8243; _module_preset=\u00bbdefault\u00bb text_font=\u00bbAlegreya Sans SC||||||||\u00bb header_font_size=\u00bb31px\u00bb background_enable_color=\u00bboff\u00bb use_background_color_gradient=\u00bbon\u00bb background_color_gradient_start=\u00bbrgba(193,7,85,0.79)\u00bb background_color_gradient_end=\u00bbrgba(209,16,64,0.64)\u00bb module_alignment=\u00bbcenter\u00bb min_height=\u00bb250px\u00bb link_option_url=\u00bbhttps:\/\/consumoresponsable.misionessalesianas.org\/wp-content\/uploads\/2021\/01\/Eje-3-Primaria.pdf\u00bb border_radii=\u00bbon|30px|30px|30px|30px\u00bb background__hover_enabled=\u00bbon|hover\u00bb use_background_color_gradient__hover=\u00bbon\u00bb background_color__hover=\u00bb#a8004e\u00bb background_enable_color__hover=\u00bbon\u00bb background_color_gradient_start__hover=\u00bbrgba(193,7,85,0.79)\u00bb background_color_gradient_end__hover=\u00bbrgba(209,16,64,0.64)\u00bb]<h1 style=\"text-align: center;\"><strong><\/strong><\/h1>\n<h1 style=\"text-align: center;\"><span style=\"color: #ffffff;\"><strong><\/strong><\/span><\/h1>\n<h1 style=\"text-align: center;\"><span style=\"color: #ffffff;\"><strong><\/strong><\/span><\/h1>\n<h1 style=\"text-align: center;\"><span style=\"color: #ffffff;\"><strong><\/strong><\/span><\/h1>\n<h1 style=\"text-align: center;\"><span style=\"color: #ffffff;\"><strong><\/strong><\/span><\/h1>\n<h1 style=\"text-align: center;\"><span style=\"color: #ffffff;\"><strong><\/strong><\/span><\/h1>\n<h1 style=\"text-align: center;\"><span style=\"color: #ffffff;\"><strong><\/strong><\/span><\/h1>\n<h1 style=\"text-align: center;\"><span style=\"color: #ffffff;\"><strong><\/strong><\/span><\/h1>\n<h1 style=\"text-align: center;\"><span style=\"color: #ffffff;\"><strong><\/strong><\/span><\/h1>\n<h1 style=\"text-align: center;\"><span style=\"color: #ffffff;\"><strong><\/strong><\/span><\/h1>\n<h1 style=\"text-align: center;\"><span style=\"color: #ffffff;\"><strong><\/strong><\/span><\/h1>\n<h1 style=\"text-align: center;\"><span color=\"#ffffff\" style=\"color: #ffffff;\"><b>PRIMARIA<\/b><\/span><\/h1>[\/et_pb_text][\/et_pb_column][et_pb_column type=\u00bb1_3&#8243; _builder_version=\u00bb4.6.0&#8243; _module_preset=\u00bbdefault\u00bb][et_pb_text _builder_version=\u00bb4.7.0&#8243; _module_preset=\u00bbdefault\u00bb text_font=\u00bbAlegreya Sans SC||||||||\u00bb header_font_size=\u00bb31px\u00bb background_enable_color=\u00bboff\u00bb use_background_color_gradient=\u00bbon\u00bb background_color_gradient_start=\u00bbrgba(193,7,85,0.79)\u00bb background_color_gradient_end=\u00bbrgba(209,16,64,0.64)\u00bb module_alignment=\u00bbcenter\u00bb min_height=\u00bb250px\u00bb link_option_url=\u00bbhttps:\/\/consumoresponsable.misionessalesianas.org\/wp-content\/uploads\/2021\/01\/Eje-3-Secundaria.pdf\u00bb border_radii=\u00bbon|30px|30px|30px|30px\u00bb background__hover_enabled=\u00bbon|hover\u00bb use_background_color_gradient__hover=\u00bbon\u00bb background_color__hover=\u00bb#a8004e\u00bb background_color_gradient_start__hover=\u00bbrgba(193,7,85,0.79)\u00bb background_color_gradient_end__hover=\u00bbrgba(209,16,64,0.64)\u00bb]<h1 style=\"text-align: center;\"><strong><\/strong><\/h1>\n<h1 style=\"text-align: center;\"><span style=\"color: #ffffff;\"><strong><\/strong><\/span><\/h1>\n<h1 style=\"text-align: center;\"><span style=\"color: #ffffff;\"><strong><\/strong><\/span><\/h1>\n<h1 style=\"text-align: center;\"><span style=\"color: #ffffff;\"><strong><\/strong><\/span><\/h1>\n<h1 style=\"text-align: center;\"><span style=\"color: #ffffff;\"><strong><\/strong><\/span><\/h1>\n<h1 style=\"text-align: center;\"><span style=\"color: #ffffff;\"><strong><\/strong><\/span><\/h1>\n<h1 style=\"text-align: center;\"><span style=\"color: #ffffff;\"><strong><\/strong><\/span><\/h1>\n<h1 style=\"text-align: center;\"><span style=\"color: #ffffff;\"><strong><\/strong><\/span><\/h1>\n<h1 style=\"text-align: center;\"><span style=\"color: #ffffff;\"><strong><\/strong><\/span><\/h1>\n<h1 style=\"text-align: center;\"><span style=\"color: #ffffff;\"><strong><\/strong><\/span><\/h1>\n<h1 style=\"text-align: center;\"><span style=\"color: #ffffff;\"><strong><\/strong><\/span><\/h1>\n<h1 style=\"text-align: center;\"><span style=\"color: #ffffff;\"><strong>SECUNDARIA<\/strong><\/span><\/h1>[\/et_pb_text][\/et_pb_column][\/et_pb_row][\/et_pb_section]\n","protected":false},"excerpt":{"rendered":"<p>Alimentaci\u00f3n Saludable y Sostenible \u00bfEn qu\u00e9 consiste?En este eje contaremos con el huerto escolar y con nuestra alimentaci\u00f3n diaria para investigar y aprender sobre el sistema\u00a0agro-alimentario\u00a0(producci\u00f3n y alimentaci\u00f3n) que impacta sobre el derecho a la alimentaci\u00f3n, a la salud y al medio ambiente. INFANTIL PRIMARIA SECUNDARIA<\/p>\n","protected":false},"author":1,"featured_media":0,"parent":0,"menu_order":0,"comment_status":"closed","ping_status":"closed","template":"","meta":{"_et_pb_use_builder":"on","_et_pb_old_content":"","_et_gb_content_width":"","twitterCardType":"","cardImageID":463,"cardImage":"https:\/\/consumoresponsable.misionessalesianas.org\/wp-content\/uploads\/2020\/09\/aulas-en-accion-4-1.png","cardTitle":"","cardDesc":"","cardImageAlt":"","cardPlayer":"","cardPlayerWidth":0,"cardPlayerHeight":0,"cardPlayerStream":"","cardPlayerCodec":""},"_links":{"self":[{"href":"https:\/\/consumoresponsable.misionessalesianas.org\/index.php\/wp-json\/wp\/v2\/pages\/127"}],"collection":[{"href":"https:\/\/consumoresponsable.misionessalesianas.org\/index.php\/wp-json\/wp\/v2\/pages"}],"about":[{"href":"https:\/\/consumoresponsable.misionessalesianas.org\/index.php\/wp-json\/wp\/v2\/types\/page"}],"author":[{"embeddable":true,"href":"https:\/\/consumoresponsable.misionessalesianas.org\/index.php\/wp-json\/wp\/v2\/users\/1"}],"replies":[{"embeddable":true,"href":"https:\/\/consumoresponsable.misionessalesianas.org\/index.php\/wp-json\/wp\/v2\/comments?post=127"}],"version-history":[{"count":9,"href":"https:\/\/consumoresponsable.misionessalesianas.org\/index.php\/wp-json\/wp\/v2\/pages\/127\/revisions"}],"predecessor-version":[{"id":784,"href":"https:\/\/consumoresponsable.misionessalesianas.org\/index.php\/wp-json\/wp\/v2\/pages\/127\/revisions\/784"}],"wp:attachment":[{"href":"https:\/\/consumoresponsable.misionessalesianas.org\/index.php\/wp-json\/wp\/v2\/media?parent=127"}],"curies":[{"name":"wp","href":"https:\/\/api.w.org\/{rel}","templated":true}]}}